{"id":61,"date":"2025-10-02T13:57:51","date_gmt":"2025-10-02T10:57:51","guid":{"rendered":"https:\/\/romtoureurope.com\/?page_id=61"},"modified":"2025-10-08T21:28:45","modified_gmt":"2025-10-08T18:28:45","slug":"despre-noi","status":"publish","type":"page","link":"https:\/\/romtoureurope.com\/?page_id=61","title":{"rendered":"Despre noi"},"content":{"rendered":"<section class=\"l-section wpb_row height_medium with_img parallax_ver\"><div class=\"l-section-img\" role=\"img\" aria-label=\"Image\" data-img-width=\"2400\" data-img-height=\"1600\" style=\"background-image: url(https:\/\/romtoureurope.com\/wp-content\/uploads\/despre-noi-img.jpg);\"><\/div><div class=\"l-section-overlay\" style=\"background:rgba(255,255,255,0.83)\"><\/div><div class=\"l-section-h i-cf\"><div class=\"g-cols vc_row via_grid cols_1 laptops-cols_inherit tablets-cols_inherit mobiles-cols_1 valign_top type_default stacking_default\"><div class=\"wpb_column vc_column_container\"><div class=\"vc_column-inner\"><div class=\"w-separator size_small\"><\/div><h1 class=\"w-itext us_custom_a0225190 has_text_color type_zoomInChars align_center dynamic_bold\" onclick='return {&quot;duration&quot;:100,&quot;delay&quot;:3000,&quot;disablePartAnimation&quot;:false,&quot;dynamicColor&quot;:&quot;var(--color-content-primary)&quot;,&quot;html_nbsp_char&quot;:true}'>Suntem\u00a0<span class=\"w-itext-part changesat_0 changesat_1 dynamic\" style=\"color:_content_primary\" onclick='return [&quot;o\\u00a0companie\\u00a0LEADER&quot;,&quot;KVN\\u00a0-\\u00a0TRANSPORT&quot;]'><span>o&nbsp;companie&nbsp;LEADER<\/span><\/span><\/h1><\/div><\/div><\/div><\/div><\/section><section class=\"l-section wpb_row height_medium with_shape\"><div class=\"l-section-shape type_custom pos_bottom\" style=\"height:33%;color:var(--color-content-bg-alt)\"><svg xmlns=\"http:\/\/www.w3.org\/2000\/svg\" viewBox=\"0 0 64 8\" preserveAspectRatio=\"none\" width=\"100%\" height=\"100%\">\r\n\t<path fill=\"currentColor\" d=\"M64 8 L0 8 L0 0 L64 0 Z\"\/>\r\n<\/svg><\/div><div class=\"l-section-h i-cf\"><div class=\"g-cols vc_row via_grid cols_1 laptops-cols_inherit tablets-cols_inherit mobiles-cols_1 valign_top type_default stacking_default\"><div class=\"wpb_column vc_column_container\"><div class=\"vc_column-inner\"><div class=\"wpb_text_column\"><div class=\"wpb_wrapper\"><h2 style=\"text-align: center;\">De ce s\u0103 ne alegi pe noi<\/h2>\n<\/div><\/div><div class=\"w-separator size_small\"><\/div><div class=\"w-text us_custom_87915124 has_text_color\"><span class=\"w-text-h\"><span class=\"w-text-value\">Cele mai rapide servicii de transport, la cel mai bun pre\u021b! Transport persoane din Rom\u00e2nia \u00een toat\u0103 Europa.<\/span><\/span><\/div><div class=\"w-separator size_medium\"><\/div><div class=\"wpb_text_column\"><div class=\"wpb_wrapper\"><p><b>Firma KVN \u0219i-a \u00eenceput activitatea \u00een anul 2007 av\u00e2nd o vechime de 15 ani \u00een mediul online.<\/b><\/p>\n<p>Obiectul principal de activitate este rezervarea de bilete pentru transport interna\u021bional de persoane din Rom\u00e2nia c\u0103tre Europa. Rezerv\u0103m bilete de autocar sau microbuz online \u00eentr-un mod c\u00e2t mai simplu \u2014 prin apel telefonic sau prin mesaje pe WhatsApp \u2014 f\u0103r\u0103 un sistem complicat de completare a numeroase c\u00e2mpuri sau de plat\u0103 online. <b>Biletul se pl\u0103te\u0219te la urcare \u00een autocar sau microbuz.<\/b><\/p>\n<p><b>Punctele forte ale companiei<\/b> sunt experien\u021ba \u0219i vechimea \u00een domeniu. Datorit\u0103 parteneriatelor cu majoritatea firmelor de top din Rom\u00e2nia care ofer\u0103 servicii de transport interna\u021bional, KVN poate oferi curse zilnice la ore diferite, \u00een func\u021bie de nevoile clien\u021bilor. Unele firme colaboratoare pleac\u0103 diminea\u021ba, altele dup\u0103-amiaza sau seara, \u00een func\u021bie de loca\u021bia fiec\u0103rui pasager. Nu condi\u021bion\u0103m clien\u021bii s\u0103 \u00ee\u0219i rezerve locuri \u00eentr-o anumit\u0103 zi, a\u0219a cum fac unele companii care opereaz\u0103 doar o dat\u0103 pe s\u0103pt\u0103m\u00e2n\u0103.<\/p>\n<p><b>Dac\u0103 observ\u0103m c\u0103 un furnizor nu procedeaz\u0103 corect fa\u021b\u0103 de dvs., \u00eel elimin\u0103m din re\u021beaua KVN.<\/b><\/p>\n<p>Printre firmele serioase din Rom\u00e2nia amintim Filaret, care de\u021bine unul dintre cele mai moderne parcuri de autocare conforme cu normele europene, oferind \u0219i servicii de \u00eenchiriere pentru excursii de agrement \u0219i efectu\u00e2nd curse regulate Rom\u00e2nia \u2013 Grecia (insula Creta).<\/p>\n<p>Anumite firme transport\u0103 pasagerii doar p\u00e2n\u0103 la adres\u0103, iar altele doar p\u00e2n\u0103 la autog\u0103ri sau sta\u021bii fixe de \u00eembarcare. <b>KVN<\/b> ofer\u0103 ambele variante, deservind curse spre Grecia, Germania \u0219i Anglia, at\u00e2t la adresele de destina\u021bie, c\u00e2t \u0219i \u00een autog\u0103ri.<\/p>\n<\/div><\/div><div class=\"w-separator size_medium\"><\/div><div class=\"w-image has_ratio align_center\"><div class=\"w-image-h\"><div style=\"padding-bottom:56.25%\"><\/div><img decoding=\"async\" width=\"1024\" height=\"542\" src=\"https:\/\/romtoureurope.com\/wp-content\/uploads\/interior-3-microbus-big-1-1024x542.jpg\" class=\"attachment-large size-large\" alt=\"\" loading=\"lazy\" \/><\/div><\/div><div class=\"w-separator size_medium\"><\/div><div class=\"wpb_text_column\"><div class=\"wpb_wrapper\"><h4>Confort Premium la pre\u021buri corecte<\/h4>\n<p>Autocarele \u0219i microbuzele noastre moderne, cu dot\u0103ri premium \u2013 climatizare, scaune rabatabile, Wi-Fi \u0219i prize \u2013 transform\u0103 fiecare drum \u00eentr-o c\u0103l\u0103torie relaxant\u0103. Ne dorim s\u0103 facem standardele europene accesibile pentru toat\u0103 lumea, motiv pentru care oferim servicii la tarife corecte \u0219i reduceri atractive, inclusiv 10\u20ac discount la bilet.<\/p>\n<\/div><\/div><div class=\"w-separator size_medium\"><\/div><div class=\"g-cols wpb_row via_grid cols_2 laptops-cols_inherit tablets-cols_inherit mobiles-cols_1 valign_top type_default stacking_default\" style=\"--columns-gap:2rem;\"><div class=\"wpb_column vc_column_container us_custom_0a785476 has_bg_color\"><div class=\"vc_column-inner\"><div class=\"wpb_text_column\"><div class=\"wpb_wrapper\"><h4>Transport rapid \u0219i sigur spre Europa<\/h4>\n<p>De peste 20 de ani, suntem alegerea de \u00eencredere pentru transportul de persoane din Rom\u00e2nia c\u0103tre Germania, Belgia \u0219i Olanda. Cu plec\u0103ri zilnice \u0219i o echip\u0103 de \u0219oferi profesioni\u0219ti, oferim siguran\u021b\u0103, punctualitate \u0219i confort maxim pentru fiecare pasager.<\/p>\n<p><img decoding=\"async\" class=\"alignnone size-medium wp-image-214\" src=\"https:\/\/romtoureurope.com\/wp-content\/uploads\/interior-2-microbus-225x300.jpeg\" alt=\"\" width=\"100%\" srcset=\"https:\/\/romtoureurope.com\/wp-content\/uploads\/interior-2-microbus-225x300.jpeg 225w, https:\/\/romtoureurope.com\/wp-content\/uploads\/interior-2-microbus-113x150.jpeg 113w, https:\/\/romtoureurope.com\/wp-content\/uploads\/interior-2-microbus.jpeg 480w\" sizes=\"(max-width: 225px) 100vw, 225px\" \/><\/p>\n<\/div><\/div><\/div><\/div><div class=\"wpb_column vc_column_container us_custom_0a785476 has_bg_color\"><div class=\"vc_column-inner\"><div class=\"wpb_text_column\"><div class=\"wpb_wrapper\"><h4>Putere de transport pentru orice grup<\/h4>\n<p>Indiferent c\u0103l\u0103tore\u0219ti singur sau \u00een grupuri mari, punem la dispozi\u021bie vehicule cu capacitate \u00eentre 8 \u0219i 55 de locuri. Suntem dedica\u021bi promptitudinii \u0219i trat\u0103m fiecare client cu seriozitate, pentru ca fiecare drum s\u0103 fie o experien\u021b\u0103 pl\u0103cut\u0103 \u0219i lipsit\u0103 de griji.<\/p>\n<p><img decoding=\"async\" class=\"alignnone size-medium wp-image-217\" src=\"https:\/\/romtoureurope.com\/wp-content\/uploads\/interior-1-microbus-225x300.jpeg\" alt=\"\" width=\"100%\" srcset=\"https:\/\/romtoureurope.com\/wp-content\/uploads\/interior-1-microbus-225x300.jpeg 225w, https:\/\/romtoureurope.com\/wp-content\/uploads\/interior-1-microbus-113x150.jpeg 113w, https:\/\/romtoureurope.com\/wp-content\/uploads\/interior-1-microbus.jpeg 480w\" sizes=\"(max-width: 225px) 100vw, 225px\" \/><\/p>\n<\/div><\/div><\/div><\/div><\/div><\/div><\/div><\/div><\/div><\/section><section class=\"l-section wpb_row us_custom_c70c97eb height_medium\"><div class=\"l-section-h i-cf\"><div class=\"g-cols vc_row via_grid cols_1 laptops-cols_inherit tablets-cols_inherit mobiles-cols_1 valign_middle type_default stacking_default\"><div class=\"wpb_column vc_column_container us_custom_2c45f91b\"><div class=\"vc_column-inner\"><div class=\"wpb_text_column us_custom_eb849559\"><div class=\"wpb_wrapper\"><h2>Vrei s\u0103-\u021bi programezi o curs\u0103?<br \/>\n<strong><span style=\"color: var(--color-content-link);\">Telefoneaz\u0103-ne acum,<\/span> &amp; de restul ne vom ocupa noi!<\/strong><\/h2>\n<p>Suntem o echip\u0103 format\u0103 din profesioni\u0219ti \u0219i conduc\u0103tori auto cu experien\u021b\u0103.<\/p>\n<\/div><\/div><div class=\"w-separator size_small\"><\/div><div class=\"w-btn-wrapper align_center\"><a class=\"w-btn us-btn-style_1\" href=\"?page_id=24\"><span class=\"w-btn-label\">Contact<\/span><\/a><\/div><\/div><\/div><\/div><\/div><\/section>\n","protected":false},"excerpt":{"rendered":"Suntem\u00a0o&nbsp;companie&nbsp;LEADER De ce s\u0103 ne alegi pe noi Cele mai rapide servicii de transport, la cel mai bun pre\u021b! Transport persoane din Rom\u00e2nia \u00een toat\u0103 Europa. Firma KVN \u0219i-a \u00eenceput activitatea \u00een anul 2007 av\u00e2nd o vechime de 15 ani \u00een mediul online. Obiectul principal de activitate este rezervarea de bilete pentru transport interna\u021bional de...","protected":false},"author":1,"featured_media":0,"parent":0,"menu_order":0,"comment_status":"closed","ping_status":"closed","template":"","meta":{"_joinchat":[],"footnotes":""},"class_list":["post-61","page","type-page","status-publish","hentry"],"_links":{"self":[{"href":"https:\/\/romtoureurope.com\/index.php?rest_route=\/wp\/v2\/pages\/61","targetHints":{"allow":["GET"]}}],"collection":[{"href":"https:\/\/romtoureurope.com\/index.php?rest_route=\/wp\/v2\/pages"}],"about":[{"href":"https:\/\/romtoureurope.com\/index.php?rest_route=\/wp\/v2\/types\/page"}],"author":[{"embeddable":true,"href":"https:\/\/romtoureurope.com\/index.php?rest_route=\/wp\/v2\/users\/1"}],"replies":[{"embeddable":true,"href":"https:\/\/romtoureurope.com\/index.php?rest_route=%2Fwp%2Fv2%2Fcomments&post=61"}],"version-history":[{"count":25,"href":"https:\/\/romtoureurope.com\/index.php?rest_route=\/wp\/v2\/pages\/61\/revisions"}],"predecessor-version":[{"id":229,"href":"https:\/\/romtoureurope.com\/index.php?rest_route=\/wp\/v2\/pages\/61\/revisions\/229"}],"wp:attachment":[{"href":"https:\/\/romtoureurope.com\/index.php?rest_route=%2Fwp%2Fv2%2Fmedia&parent=61"}],"curies":[{"name":"wp","href":"https:\/\/api.w.org\/{rel}","templated":true}]}}