{"id":48,"date":"2025-10-01T15:43:04","date_gmt":"2025-10-01T12:43:04","guid":{"rendered":"https:\/\/romtoureurope.com\/?page_id=48"},"modified":"2025-10-09T15:12:17","modified_gmt":"2025-10-09T12:12:17","slug":"transport-persoane","status":"publish","type":"page","link":"https:\/\/romtoureurope.com\/?page_id=48","title":{"rendered":"Transport persoane"},"content":{"rendered":"<section class=\"l-section wpb_row us_custom_c70c97eb height_small\"><div class=\"l-section-h i-cf\"><div class=\"g-cols vc_row via_grid cols_1 laptops-cols_inherit tablets-cols_inherit mobiles-cols_1 valign_middle type_default stacking_default\"><div class=\"wpb_column vc_column_container us_custom_2c45f91b\"><div class=\"vc_column-inner\"><div class=\"wpb_text_column us_custom_eb849559\"><div class=\"wpb_wrapper\"><h2>Descoper\u0103 Europa cu<br \/>\n<strong><span style=\"color: var(--color-content-link);\">KVN &#8211; Transport<\/span>, zi de zi!<\/strong><\/h2>\n<p>La KVN &#8211; Transport, transform\u0103m fiecare c\u0103l\u0103torie \u00eentr-o experien\u021b\u0103 sigur\u0103 \u0219i confortabil\u0103. Indiferent dac\u0103 destina\u021bia ta este Germania, Olanda, Austria, Cehia, Belgia sau Danemarca, \u00ee\u021bi punem la dispozi\u021bie servicii de transport persoane door-to-door, astfel \u00eenc\u00e2t s\u0103 ajungi rapid \u0219i f\u0103r\u0103 b\u0103t\u0103i de cap direct la adresa dorit\u0103.<\/p>\n<\/div><\/div><div class=\"w-separator size_small\"><\/div><div class=\"w-btn-wrapper align_center\"><a class=\"w-btn us-btn-style_1\" href=\"?page_id=24\"><span class=\"w-btn-label\">Contact<\/span><\/a><\/div><div class=\"w-separator size_small\"><\/div><div class=\"w-image has_ratio align_center\"><div class=\"w-image-h\"><div style=\"padding-bottom:56.25%\"><\/div><img decoding=\"async\" width=\"1024\" height=\"542\" src=\"https:\/\/romtoureurope.com\/wp-content\/uploads\/microbuze-2-stada-1-1024x542.jpg\" class=\"attachment-large size-large\" alt=\"\" loading=\"lazy\" \/><\/div><\/div><\/div><\/div><\/div><\/div><\/section><section class=\"l-section wpb_row height_medium with_img parallax_hor bgwidth_130 with_shape\"><div class=\"l-section-img\" role=\"img\" aria-label=\"Image\" data-img-width=\"2560\" data-img-height=\"1725\" style=\"background-image: url(https:\/\/romtoureurope.com\/wp-content\/uploads\/transport-persoane-img-scaled.jpg);\"><\/div><div class=\"l-section-overlay\" style=\"background:rgba(255,255,255,0.83)\"><\/div><div class=\"l-section-shape type_custom pos_bottom\" style=\"height:33%;color:var(--color-content-bg-alt)\"><svg xmlns=\"http:\/\/www.w3.org\/2000\/svg\" viewBox=\"0 0 64 8\" preserveAspectRatio=\"none\" width=\"100%\" height=\"100%\">\r\n\t<path fill=\"currentColor\" d=\"M64 8 L0 8 L0 0 L64 0 Z\"\/>\r\n<\/svg><\/div><div class=\"l-section-h i-cf\"><div class=\"g-cols vc_row via_grid cols_1 laptops-cols_inherit tablets-cols_inherit mobiles-cols_1 valign_top type_default stacking_default\"><div class=\"wpb_column vc_column_container\"><div class=\"vc_column-inner\"><div class=\"g-cols wpb_row via_grid cols_3 laptops-cols_inherit tablets-cols_inherit mobiles-cols_1 valign_top type_default stacking_default\" style=\"--columns-gap:2rem;\"><div class=\"wpb_column vc_column_container us_custom_0a785476 has_bg_color\"><div class=\"vc_column-inner\"><div class=\"wpb_text_column\"><div class=\"wpb_wrapper\"><p><img decoding=\"async\" class=\"aligncenter\" src=\"https:\/\/romtoureurope.com\/wp-content\/uploads\/olanda-mic-300x200.jpg\" alt=\"\" width=\"100%\" \/><\/p>\n<h4>TRANSPORT PERSOANE OLANDA<\/h4>\n<p>Experimenta\u021bi confortul c\u0103l\u0103toriei cu Kvn-transport &#8211; serviciul nostru de transport persoane Romania &#8211; OLANDA, oferindu-v\u0103 solu\u021bii de la adresa de plecare la cea de destina\u021bie. Al\u0103tura\u021bi-v\u0103 zecilor de clien\u021bi satisf\u0103cu\u021bi care au ales s\u0103 c\u0103l\u0103toreasc\u0103 cu noi, beneficia\u021bi de \u00eencrederea \u0219i profesionalismul nostru pentru o c\u0103l\u0103torie f\u0103r\u0103 griji.<\/p>\n<p><a href=\"?page_id=24\">Contact<\/a><\/p>\n<\/div><\/div><div class=\"w-separator size_medium\"><\/div><div class=\"wpb_text_column\"><div class=\"wpb_wrapper\"><p><img decoding=\"async\" class=\"aligncenter size-full wp-image-246\" src=\"https:\/\/romtoureurope.com\/wp-content\/uploads\/cehia-mic.jpg\" alt=\"\" width=\"100%\" srcset=\"https:\/\/romtoureurope.com\/wp-content\/uploads\/cehia-mic.jpg 800w, https:\/\/romtoureurope.com\/wp-content\/uploads\/cehia-mic-300x200.jpg 300w, https:\/\/romtoureurope.com\/wp-content\/uploads\/cehia-mic-150x100.jpg 150w\" sizes=\"(max-width: 800px) 100vw, 800px\" \/><\/p>\n<h4>TRANSPORT PERSOANE CEHIA<\/h4>\n<p>V\u0103 oferim confortul unei c\u0103l\u0103torii pl\u0103cute al\u0103turi de Kvn-transport, serviciul nostru de transport persoane Rom\u00e2nia \u2013 Cehia, care v\u0103 asigur\u0103 deplasarea comod\u0103 de la adresa de plecare p\u00e2n\u0103 la destina\u021bie. Al\u0103tura\u021bi-v\u0103 zecilor de clien\u021bi mul\u021bumi\u021bi care au ales s\u0103 c\u0103l\u0103toreasc\u0103 cu noi \u0219i profita\u021bi de profesionalismul, seriozitatea \u0219i siguran\u021ba oferite pentru o c\u0103l\u0103torie lipsit\u0103 de griji.<\/p>\n<p><a href=\"?page_id=24\">Contact<\/a><\/p>\n<\/div><\/div><\/div><\/div><div class=\"wpb_column vc_column_container us_custom_0a785476 has_bg_color\"><div class=\"vc_column-inner\"><div class=\"wpb_text_column\"><div class=\"wpb_wrapper\"><p><img decoding=\"async\" class=\"size-medium wp-image-239 aligncenter\" src=\"https:\/\/romtoureurope.com\/wp-content\/uploads\/germania-mic-300x200.jpg\" alt=\"\" width=\"100%\" srcset=\"https:\/\/romtoureurope.com\/wp-content\/uploads\/germania-mic-300x200.jpg 300w, https:\/\/romtoureurope.com\/wp-content\/uploads\/germania-mic-150x100.jpg 150w, https:\/\/romtoureurope.com\/wp-content\/uploads\/germania-mic.jpg 800w\" sizes=\"(max-width: 300px) 100vw, 300px\" \/><\/p>\n<h4>TRANSPORT PERSOANE GERMANIA<\/h4>\n<p>Vrei un serviciu sigur de transport Romania Germania direct la adresa? RomTourEurope \u00ee\u021bi ofer\u0103 plecari zilnice, dus si intors pentru transport din Rom\u00e2nia p\u00e2n\u0103 \u00een Germania. Deoarece tinem la siguranta clientilor nostri, serviciile noastre de transport persoane din Romania in Germania se fac cu autocare moderne si microbuze de calitate. Transportul direct la domiciliu din Germania este op\u021biunea noastr\u0103 principal\u0103, elimin\u00e2nd astfel orice griji sau nepl\u0103ceri legate de schimbarea mijloacelor de transport, opririi \u00een sta\u021biile fixe sau cheltuielilor suplimentare pentru un taxi care s\u0103 te duc\u0103 acas\u0103.<\/p>\n<p><a href=\"?page_id=24\">Contact<\/a><\/p>\n<\/div><\/div><div class=\"w-separator size_medium\"><\/div><div class=\"wpb_text_column\"><div class=\"wpb_wrapper\"><p><img decoding=\"async\" class=\"aligncenter size-full wp-image-250\" src=\"https:\/\/romtoureurope.com\/wp-content\/uploads\/belgia-mic.jpg\" alt=\"\" width=\"100%\" srcset=\"https:\/\/romtoureurope.com\/wp-content\/uploads\/belgia-mic.jpg 800w, https:\/\/romtoureurope.com\/wp-content\/uploads\/belgia-mic-300x200.jpg 300w, https:\/\/romtoureurope.com\/wp-content\/uploads\/belgia-mic-150x100.jpg 150w\" sizes=\"(max-width: 800px) 100vw, 800px\" \/><\/p>\n<h4>TRANSPORT PERSOANE BELGIA<\/h4>\n<p>Transport persoane Rom\u00e2nia \u2013 Belgia \u0219i Belgia \u2013 Rom\u00e2nia, zilnic, direct de la adres\u0103, cu microbuze \u0219i autocare moderne \u0219i rapide. Cu Viotur, beneficia\u021bi de c\u0103l\u0103torii sigure, eficiente \u0219i confortabile, f\u0103r\u0103 schimb\u0103ri pe traseu. Ne asigur\u0103m c\u0103 nevoile clien\u021bilor sunt \u00eendeplinite integral, oferind transport direct, rapid \u0219i de \u00eencredere.<\/p>\n<p><a href=\"?page_id=24\">Contact<\/a><\/p>\n<\/div><\/div><\/div><\/div><div class=\"wpb_column vc_column_container us_custom_0a785476 has_bg_color\"><div class=\"vc_column-inner\"><div class=\"wpb_text_column\"><div class=\"wpb_wrapper\"><p><img decoding=\"async\" class=\"aligncenter\" src=\"https:\/\/romtoureurope.com\/wp-content\/uploads\/austria-mic.jpg\" alt=\"\" width=\"100%\" \/><\/p>\n<h4>TRANSPORT PERSOANE AUSTRIA<\/h4>\n<p>Bucura\u021bi-v\u0103 de confortul deplas\u0103rilor al\u0103turi de Kvn-transport, serviciul nostru de transport persoane Rom\u00e2nia \u2013 Austria, care v\u0103 ofer\u0103 solu\u021bii complete de la adresa de plecare p\u00e2n\u0103 la destina\u021bie. Alege\u021bi s\u0103 c\u0103l\u0103tori\u021bi cu noi, al\u0103turi de zecile de clien\u021bi mul\u021bumi\u021bi, \u0219i beneficia\u021bi de siguran\u021b\u0103, \u00eencredere \u0219i profesionalism pentru o c\u0103l\u0103torie f\u0103r\u0103 griji.<\/p>\n<p><a href=\"?page_id=24\">Contact<\/a><\/p>\n<\/div><\/div><div class=\"w-separator size_medium\"><\/div><div class=\"wpb_text_column\"><div class=\"wpb_wrapper\"><p><img decoding=\"async\" class=\"aligncenter size-full wp-image-248\" src=\"https:\/\/romtoureurope.com\/wp-content\/uploads\/danemarca-mic.jpg\" alt=\"\" width=\"100%\" srcset=\"https:\/\/romtoureurope.com\/wp-content\/uploads\/danemarca-mic.jpg 800w, https:\/\/romtoureurope.com\/wp-content\/uploads\/danemarca-mic-300x200.jpg 300w, https:\/\/romtoureurope.com\/wp-content\/uploads\/danemarca-mic-150x100.jpg 150w\" sizes=\"(max-width: 800px) 100vw, 800px\" \/><\/p>\n<h4>TRANSPORT PERSOANE DANEMARCA<\/h4>\n<p>Descoperi\u021bi confortul deplas\u0103rilor al\u0103turi de Kvn-transport, serviciul nostru de transport persoane Rom\u00e2nia \u2013 Danemarca, care v\u0103 ofer\u0103 c\u0103l\u0103torii sigure de la adresa de plecare p\u00e2n\u0103 la destina\u021bie. Alege\u021bi profesionalismul \u0219i seriozitatea noastr\u0103 \u0219i al\u0103tura\u021bi-v\u0103 clien\u021bilor mul\u021bumi\u021bi care au optat pentru o c\u0103l\u0103torie rapid\u0103, sigur\u0103 \u0219i f\u0103r\u0103 griji.<\/p>\n<p><a href=\"?page_id=24\">Contact<\/a><\/p>\n<\/div><\/div><\/div><\/div><\/div><\/div><\/div><\/div><\/div><\/section>\n","protected":false},"excerpt":{"rendered":"Descoper\u0103 Europa cu KVN &#8211; Transport, zi de zi! La KVN &#8211; Transport, transform\u0103m fiecare c\u0103l\u0103torie \u00eentr-o experien\u021b\u0103 sigur\u0103 \u0219i confortabil\u0103. Indiferent dac\u0103 destina\u021bia ta este Germania, Olanda, Austria, Cehia, Belgia sau Danemarca, \u00ee\u021bi punem la dispozi\u021bie servicii de transport persoane door-to-door, astfel \u00eenc\u00e2t s\u0103 ajungi rapid \u0219i f\u0103r\u0103 b\u0103t\u0103i de cap direct la adresa...","protected":false},"author":1,"featured_media":0,"parent":0,"menu_order":0,"comment_status":"closed","ping_status":"closed","template":"","meta":{"_joinchat":[],"footnotes":""},"class_list":["post-48","page","type-page","status-publish","hentry"],"_links":{"self":[{"href":"https:\/\/romtoureurope.com\/index.php?rest_route=\/wp\/v2\/pages\/48","targetHints":{"allow":["GET"]}}],"collection":[{"href":"https:\/\/romtoureurope.com\/index.php?rest_route=\/wp\/v2\/pages"}],"about":[{"href":"https:\/\/romtoureurope.com\/index.php?rest_route=\/wp\/v2\/types\/page"}],"author":[{"embeddable":true,"href":"https:\/\/romtoureurope.com\/index.php?rest_route=\/wp\/v2\/users\/1"}],"replies":[{"embeddable":true,"href":"https:\/\/romtoureurope.com\/index.php?rest_route=%2Fwp%2Fv2%2Fcomments&post=48"}],"version-history":[{"count":31,"href":"https:\/\/romtoureurope.com\/index.php?rest_route=\/wp\/v2\/pages\/48\/revisions"}],"predecessor-version":[{"id":251,"href":"https:\/\/romtoureurope.com\/index.php?rest_route=\/wp\/v2\/pages\/48\/revisions\/251"}],"wp:attachment":[{"href":"https:\/\/romtoureurope.com\/index.php?rest_route=%2Fwp%2Fv2%2Fmedia&parent=48"}],"curies":[{"name":"wp","href":"https:\/\/api.w.org\/{rel}","templated":true}]}}