{"id":256,"date":"2025-10-10T15:00:24","date_gmt":"2025-10-10T12:00:24","guid":{"rendered":"https:\/\/romtoureurope.com\/?page_id=256"},"modified":"2025-10-10T15:10:04","modified_gmt":"2025-10-10T12:10:04","slug":"curse-eu","status":"publish","type":"page","link":"https:\/\/romtoureurope.com\/?page_id=256","title":{"rendered":"Curse EU"},"content":{"rendered":"<section class=\"l-section wpb_row height_medium with_img parallax_fixed\" id=\"EU\"><div class=\"l-section-img\" role=\"img\" aria-label=\"Image\" data-img-width=\"1536\" data-img-height=\"797\" style=\"background-image: url(https:\/\/romtoureurope.com\/wp-content\/uploads\/microbuze-cu-steag-web.jpg);background-position: top center;background-repeat: no-repeat;background-size: contain;\"><\/div><div class=\"l-section-overlay\" style=\"background:linear-gradient(180deg, transparent 0%,#ffffff 100%)\"><\/div><div class=\"l-section-h i-cf\"><div class=\"g-cols vc_row via_grid cols_1 laptops-cols_inherit tablets-cols_inherit mobiles-cols_1 valign_top type_default stacking_default\"><div class=\"wpb_column vc_column_container\"><div class=\"vc_column-inner\"><div class=\"g-cols wpb_row us_custom_fff61d34 via_grid cols_2 laptops-cols_inherit tablets-cols_inherit mobiles-cols_1 valign_top type_default\" style=\"--columns-gap:6vh;\"><div class=\"wpb_column vc_column_container\"><div class=\"vc_column-inner\"><div class=\"w-iconbox iconpos_left style_default color_primary align_none\"><div class=\"w-iconbox-icon\" style=\"font-size:3rem;\"><i class=\"material-icons\">analytics<\/i><\/div><div class=\"w-iconbox-meta\"><h4 class=\"w-iconbox-title\">Transport interna\u021bional de \u00eencredere<\/h4><div class=\"w-iconbox-text\"><p>KVN \u00ee\u021bi ofer\u0103 o c\u0103l\u0103torie confortabil\u0103 \u0219i sigur\u0103, datorit\u0103 experien\u021bei de peste 15 ani \u0219i a flotei moderne.<\/p>\n<p>Pentru noi, conteaz\u0103 la fel de mult c\u0103l\u0103toria \u0219i destina\u021bia, de aceea te conducem cu profesionalism \u0219i grij\u0103 spre locurile iubite de rom\u00e2ni din \u00eentreaga Europ\u0103 \u2014 fie Germania, Anglia, Fran\u021ba sau alte \u021b\u0103ri.<\/p>\n<\/div><\/div><\/div><div class=\"w-separator size_medium\"><\/div><div class=\"w-iconbox iconpos_left style_default color_primary align_none\"><div class=\"w-iconbox-icon\" style=\"font-size:3rem;\"><i class=\"material-icons\">api<\/i><\/div><div class=\"w-iconbox-meta\"><h4 class=\"w-iconbox-title\">Condi\u021bii de c\u0103l\u0103torie \u00een alte \u021b\u0103ri<\/h4><div class=\"w-iconbox-text\"><p>Fiind membre ale Uniunii Europene, cele mai multe dintre aceste \u021b\u0103ri permit intrarea f\u0103r\u0103 viz\u0103 pentru cet\u0103\u021benii rom\u00e2ni. Este suficient\u0103 cartea de identitate sau pa\u0219aportul valabil.<\/p>\n<p>Pentru mai multe informa\u021bii despre condi\u021biile de c\u0103l\u0103torie \u0219i munc\u0103, consult\u0103 site-ul Ministerului Afacerilor Externe.<\/p>\n<\/div><\/div><\/div><\/div><\/div><div class=\"wpb_column vc_column_container\"><div class=\"vc_column-inner\"><div class=\"w-iconbox iconpos_left style_default color_primary align_none\"><div class=\"w-iconbox-icon\" style=\"font-size:3rem;\"><i class=\"material-icons\">design_services<\/i><\/div><div class=\"w-iconbox-meta\"><h4 class=\"w-iconbox-title\">Durata c\u0103l\u0103toriei<\/h4><div class=\"w-iconbox-text\"><p>O c\u0103l\u0103torie cu noi, spre alte \u021b\u0103ri europene dureaz\u0103, \u00een medie, 20\u201324 de ore, \u00een func\u021bie de traseu, trafic \u0219i pauze.<\/p>\n<p>Avantajul major al transportului KVN este flexibilitatea rezerv\u0103rii \u0219i lipsa pl\u0103\u021bii \u00een avans \u2014 biletul se achit\u0103 direct la urcarea \u00een autocar.<\/p>\n<\/div><\/div><\/div><div class=\"w-separator size_medium\"><\/div><div class=\"w-iconbox iconpos_left style_default color_primary align_none\"><div class=\"w-iconbox-icon\" style=\"font-size:3rem;\"><i class=\"material-icons\">support_agent<\/i><\/div><div class=\"w-iconbox-meta\"><h4 class=\"w-iconbox-title\">Rezerv\u0103ri de curse spre alte \u021b\u0103ri<\/h4><div class=\"w-iconbox-text\"><p>Indiferent c\u0103 alte \u021b\u0103ri reprezint\u0103 destina\u021bia sau punctul de plecare, rezerv\u0103rile pentru cursele Rom\u00e2nia \u2013 alte \u021b\u0103ri sau retur se fac cu cel pu\u021bin 3 zile \u00eenainte de ziua c\u0103l\u0103toriei.<\/p>\n<p>Cursa de transport din Rom\u00e2nia spre alte \u021b\u0103ri porne\u0219te din ora\u0219ul t\u0103u, la ore \u0219i zile stabilite, iar destina\u021bia fiec\u0103rui pasager este adresa exact\u0103 indicat\u0103 de acesta.<\/p>\n<\/div><\/div><\/div><\/div><\/div><\/div><\/div><\/div><\/div><\/div><\/section><section class=\"l-section wpb_row height_medium with_shape\"><div class=\"l-section-shape type_custom pos_bottom\" style=\"height:33%;color:var(--color-content-bg-alt)\"><svg xmlns=\"http:\/\/www.w3.org\/2000\/svg\" viewBox=\"0 0 64 8\" preserveAspectRatio=\"none\" width=\"100%\" height=\"100%\">\r\n\t<path fill=\"currentColor\" d=\"M64 8 L0 8 L0 0 L64 0 Z\"\/>\r\n<\/svg><\/div><div class=\"l-section-h i-cf\"><div class=\"g-cols vc_row via_grid cols_1 laptops-cols_inherit tablets-cols_inherit mobiles-cols_1 valign_top type_default stacking_default\"><div class=\"wpb_column vc_column_container\"><div class=\"vc_column-inner\"><div class=\"wpb_text_column\"><div class=\"wpb_wrapper\"><h2 style=\"text-align: center;\">Transport persoane Rom\u00e2nia \u2013 alte \u021b\u0103ri cu KVN<\/h2>\n<\/div><\/div><div class=\"w-separator size_small\"><\/div><div class=\"w-text us_custom_87915124 has_text_color\"><span class=\"w-text-h\"><span class=\"w-text-value\">Peste 1 milion de rom\u00e2ni au ales s\u0103 \u00ee\u0219i fac\u0103 un nou c\u0103min \u00een alte \u021b\u0103ri europene, form\u00e2nd una dintre cele mai numeroase comunit\u0103\u021bi de imigran\u021bi de pe continent. Iar dou\u0103 motive puternice stau la baza cererii tot mai mari de curse speciale de transport persoane spre alte \u021b\u0103ri. KVN, cu peste 15 ani de experien\u021b\u0103 \u00een domeniu, ofer\u0103 servicii de transport persoane la domiciliu, cu microbuze \u0219i autocare moderne \u0219i performante, la pre\u021buri competitive, pun\u00e2nd accent pe confortul \u0219i siguran\u021ba pasagerilor.<\/span><\/span><\/div><\/div><\/div><\/div><\/div><\/section><section class=\"l-section wpb_row us_custom_c70c97eb height_medium\"><div class=\"l-section-h i-cf\"><div class=\"g-cols vc_row via_grid cols_1 laptops-cols_inherit tablets-cols_inherit mobiles-cols_1 valign_middle type_default stacking_default\"><div class=\"wpb_column vc_column_container us_custom_2c45f91b\"><div class=\"vc_column-inner\"><div class=\"wpb_text_column us_custom_eb849559\"><div class=\"wpb_wrapper\"><h2>Cum po\u021bi face o rezervare?<br \/>\n<strong><span style=\"color: var(--color-content-link);\">Sun\u0103-ne<\/span> sau scrie-ne pe WhatsApp<\/strong><\/h2>\n<p>Spune-ne <strong>numele, prenumele \u0219i num\u0103rul de telefon<\/strong>. Comunic\u0103-ne <strong>adresa exact\u0103 din \u021bara de destina\u021bie<\/strong>. Spune-ne <strong>ziua \u00een care dore\u0219ti s\u0103 c\u0103l\u0103tore\u0219ti<\/strong>.<\/p>\n<\/div><\/div><div class=\"w-separator size_small\"><\/div><div class=\"w-btn-wrapper align_center\"><a class=\"w-btn us-btn-style_1\" href=\"https:\/\/romtoureurope.com\/?page_id=24\"><span class=\"w-btn-label\">Contacteaz\u0103-ne acum<\/span><\/a><\/div><div class=\"w-separator size_medium\"><\/div><\/div><\/div><\/div><\/div><\/section>\n","protected":false},"excerpt":{"rendered":"analyticsTransport interna\u021bional de \u00eencredereKVN \u00ee\u021bi ofer\u0103 o c\u0103l\u0103torie confortabil\u0103 \u0219i sigur\u0103, datorit\u0103 experien\u021bei de peste 15 ani \u0219i a flotei moderne. Pentru noi, conteaz\u0103 la fel de mult c\u0103l\u0103toria \u0219i destina\u021bia, de aceea te conducem cu profesionalism \u0219i grij\u0103 spre locurile iubite de rom\u00e2ni din \u00eentreaga Europ\u0103 \u2014 fie Germania, Anglia, Fran\u021ba sau alte \u021b\u0103ri....","protected":false},"author":1,"featured_media":0,"parent":0,"menu_order":0,"comment_status":"closed","ping_status":"closed","template":"","meta":{"_joinchat":[],"footnotes":""},"class_list":["post-256","page","type-page","status-publish","hentry"],"_links":{"self":[{"href":"https:\/\/romtoureurope.com\/index.php?rest_route=\/wp\/v2\/pages\/256","targetHints":{"allow":["GET"]}}],"collection":[{"href":"https:\/\/romtoureurope.com\/index.php?rest_route=\/wp\/v2\/pages"}],"about":[{"href":"https:\/\/romtoureurope.com\/index.php?rest_route=\/wp\/v2\/types\/page"}],"author":[{"embeddable":true,"href":"https:\/\/romtoureurope.com\/index.php?rest_route=\/wp\/v2\/users\/1"}],"replies":[{"embeddable":true,"href":"https:\/\/romtoureurope.com\/index.php?rest_route=%2Fwp%2Fv2%2Fcomments&post=256"}],"version-history":[{"count":26,"href":"https:\/\/romtoureurope.com\/index.php?rest_route=\/wp\/v2\/pages\/256\/revisions"}],"predecessor-version":[{"id":284,"href":"https:\/\/romtoureurope.com\/index.php?rest_route=\/wp\/v2\/pages\/256\/revisions\/284"}],"wp:attachment":[{"href":"https:\/\/romtoureurope.com\/index.php?rest_route=%2Fwp%2Fv2%2Fmedia&parent=256"}],"curies":[{"name":"wp","href":"https:\/\/api.w.org\/{rel}","templated":true}]}}