{"id":24,"date":"2025-10-01T15:04:50","date_gmt":"2025-10-01T12:04:50","guid":{"rendered":"https:\/\/romtoureurope.com\/?page_id=24"},"modified":"2025-10-26T13:07:29","modified_gmt":"2025-10-26T11:07:29","slug":"contactati-ne","status":"publish","type":"page","link":"https:\/\/romtoureurope.com\/?page_id=24","title":{"rendered":"Contacta\u021bi-ne"},"content":{"rendered":"<section class=\"l-section wpb_row height_medium with_img parallax_ver\"><div class=\"l-section-img\" role=\"img\" aria-label=\"Image\" data-img-width=\"2560\" data-img-height=\"1504\" style=\"background-image: url(https:\/\/romtoureurope.com\/wp-content\/uploads\/contact-img-1-scaled.jpg);\"><\/div><div class=\"l-section-overlay\" style=\"background:rgba(255,255,255,0.83)\"><\/div><div class=\"l-section-h i-cf\"><div class=\"g-cols vc_row via_grid cols_1 laptops-cols_inherit tablets-cols_inherit mobiles-cols_1 valign_top type_default stacking_default\"><div class=\"wpb_column vc_column_container\"><div class=\"vc_column-inner\"><div class=\"w-separator size_small\"><\/div><h1 class=\"w-itext us_custom_a0225190 has_text_color type_zoomInChars align_center dynamic_bold\" id=\"telefon\" onclick='return {&quot;duration&quot;:150,&quot;delay&quot;:3000,&quot;disablePartAnimation&quot;:false,&quot;dynamicColor&quot;:&quot;var(--color-content-primary)&quot;,&quot;html_nbsp_char&quot;:true}'>Contact\u00a0<span class=\"w-itext-part changesat_0 changesat_1 dynamic\" style=\"color:_content_primary\" onclick='return [&quot;Rom\\u00e2nia&quot;,&quot;Germania&quot;]'><span>Rom&acirc;nia<\/span><\/span><\/h1><div class=\"w-separator size_small\"><\/div><div class=\"w-hwrapper valign_top stack_on_mobiles align_center\"><div class=\"w-btn-wrapper align_none\"><a class=\"w-btn us-btn-style_1\" href=\"tel:0753675275\"><span class=\"w-btn-label\">RO: +40753675275<\/span><\/a><\/div><div class=\"w-btn-wrapper align_none\"><a class=\"w-btn us-btn-style_2\" href=\"tel:0747792759\"><span class=\"w-btn-label\">D: +40747792759<\/span><\/a><\/div><\/div><div class=\"w-separator size_medium\"><\/div><div class=\"wpb_text_column us_custom_eb849559\"><div class=\"wpb_wrapper\"><p>Suntem o companie \u00eenfiin\u021bat\u0103 \u00een 2020, <strong>TRANSPORT PERSOANE GERMANIA<\/strong> si <strong>COLETE ROMANIA &#8211; GERMANIA<\/strong>, si in zonele limitrofe la domiciliul clientului.<\/p>\n<\/div><\/div><\/div><\/div><\/div><\/div><\/section><section class=\"l-section wpb_row height_medium\" id=\"section-01\"><div class=\"l-section-h i-cf\"><div class=\"g-cols vc_row via_grid cols_1 laptops-cols_inherit tablets-cols_inherit mobiles-cols_1 valign_top type_default stacking_default\"><div class=\"wpb_column vc_column_container\"><div class=\"vc_column-inner\"><div class=\"g-cols wpb_row via_grid cols_2 laptops-cols_inherit tablets-cols_inherit mobiles-cols_1 valign_top type_default\" style=\"--columns-gap:6vh;\"><div class=\"wpb_column vc_column_container\"><div class=\"vc_column-inner\"><div class=\"w-iconbox iconpos_left style_default color_primary align_none\"><div class=\"w-iconbox-icon\" style=\"font-size:3rem;\"><i class=\"material-icons\">info<\/i><\/div><div class=\"w-iconbox-meta\"><h4 class=\"w-iconbox-title\">Informa\u021bii suplimentare<\/h4><div class=\"w-iconbox-text\"><p>Pentru orice informa\u021bii suplimentare, nu ezita\u021bi s\u0103 ne contacta\u021bi. Echipa noastr\u0103 este mereu disponibil\u0103 pentru a v\u0103 oferi detalii clare \u0219i sprijin \u00een luarea celor mai bune decizii. Ne dorim s\u0103 r\u0103spundem tuturor \u00eentreb\u0103rilor dumneavoastr\u0103 \u0219i s\u0103 construim o colaborare bazat\u0103 pe \u00eencredere \u0219i transparen\u021b\u0103.<\/p>\n<\/div><\/div><\/div><\/div><\/div><div class=\"wpb_column vc_column_container\"><div class=\"vc_column-inner\"><div class=\"w-iconbox iconpos_left style_default color_primary align_none\"><div class=\"w-iconbox-icon\" style=\"font-size:3rem;\"><i class=\"material-icons\">mail<\/i><\/div><div class=\"w-iconbox-meta\"><h4 class=\"w-iconbox-title\">Contacta\u021bi-ne prin e-mail sau telefonic<\/h4><div class=\"w-iconbox-text\"><p>Credem \u00een munca bine f\u0103cut\u0103 \u0219i ne str\u0103duim \u00een fiecare zi s\u0103 oferim clien\u021bilor no\u0219tri rezultate peste a\u0219tept\u0103rile lor. \u0218tim c\u0103 este esen\u021bial s\u0103 putem fi contacta\u021bi, indiferent de ora sau zi, \u0219i te asigur\u0103m c\u0103 nevoile tale vor avea un r\u0103spuns prompt din partea echipei de suport.<\/p>\n<\/div><\/div><\/div><\/div><\/div><\/div><\/div><\/div><\/div><\/div><\/section><section class=\"l-section wpb_row height_small with_shape\"><div class=\"l-section-shape type_custom pos_bottom\" style=\"height:33%;color:var(--color-content-bg-alt)\"><svg xmlns=\"http:\/\/www.w3.org\/2000\/svg\" viewBox=\"0 0 64 8\" preserveAspectRatio=\"none\" width=\"100%\" height=\"100%\">\r\n\t<path fill=\"currentColor\" d=\"M64 8 L0 8 L0 0 L64 0 Z\"\/>\r\n<\/svg><\/div><div class=\"l-section-h i-cf\"><div class=\"g-cols vc_row via_grid cols_1 laptops-cols_inherit tablets-cols_inherit mobiles-cols_1 valign_top type_default stacking_default\"><div class=\"wpb_column vc_column_container\"><div class=\"vc_column-inner\"><div class=\"wpb_text_column\"><div class=\"wpb_wrapper\"><h2 style=\"text-align: center;\">Informa\u021bii<\/h2>\n<\/div><\/div><div class=\"w-separator size_small\"><\/div><div class=\"w-text us_custom_87915124 has_text_color\"><a href=\"tel:0753675275\" class=\"w-text-h\"><span class=\"w-text-value\">Pentru orice \u00eentreb\u0103ri sau detalii suplimentare, echipa noastr\u0103 este preg\u0103tit\u0103 s\u0103 \u00ee\u021bi r\u0103spund\u0103 rapid \u0219i profesionist. Ne po\u021bi contacta direct la num\u0103rul de telefon: <strong>0753675275<\/strong>, unde un reprezentant dedicat va fi disponibil s\u0103 \u00ee\u021bi ofere suportul de care ai nevoie.<\/span><\/a><\/div><div class=\"w-separator size_medium\"><\/div><div class=\"g-cols wpb_row via_grid cols_1 laptops-cols_inherit tablets-cols_inherit mobiles-cols_1 valign_top type_default stacking_default\" style=\"--columns-gap:2rem;\" id=\"mesaj\"><div class=\"wpb_column vc_column_container us_custom_0a785476 has_bg_color\"><div class=\"vc_column-inner\"><div class=\"wpb_text_column\"><div class=\"wpb_wrapper\"><h2 style=\"text-align: center;\">Formular de contact ON-LINE<\/h2>\n<\/div><\/div><div class=\"w-separator size_small\"><\/div><form class=\"w-form  us-field-style_1 layout_ver show_message_after_sending for_cform us_form_1\" action=\"https:\/\/romtoureurope.com\/index.php?rest_route=%2Fwp%2Fv2%2Fpages%2F24\" method=\"post\"><div class=\"w-form-h\"><div class=\"w-form-row for_text required\">\r\n\t\t<div class=\"w-form-row-field\">\r\n\t\t\t\t\t\t<input aria-label=\"Numele dvs.\" type=\"text\" name=\"us_form_1_text_1\" value placeholder=\"Numele dvs. *\" data-required=\"true\" aria-required=\"true\"\/>\r\n\t\t\t<\/div>\r\n\t\t<div class=\"w-form-row-state\">Fill out this field<\/div>\r\n<\/div>\r\n<div class=\"w-form-row for_text required\">\r\n\t\t<div class=\"w-form-row-field\">\r\n\t\t\t\t\t\t<input aria-label=\"E-mail-ul sau telefonul dvs.\" type=\"text\" name=\"us_form_1_text_2\" value placeholder=\"E-mail-ul sau telefonul dvs. *\" data-required=\"true\" aria-required=\"true\"\/>\r\n\t\t\t<\/div>\r\n\t\t<div class=\"w-form-row-state\">Fill out this field<\/div>\r\n<\/div>\r\n<div class=\"w-form-row for_textarea\">\r\n\t\t<div class=\"w-form-row-field\">\r\n\t\t\t\t\t\t<textarea aria-label=\"Mesaj, observa\u021bie, sugestie...\" name=\"us_form_1_textarea_1\" placeholder=\"Mesaj, observa\u021bie, sugestie...\"><\/textarea>\r\n\t\t\t<\/div>\r\n\t\t<div class=\"w-form-row-state\">Fill out this field<\/div>\r\n<\/div>\r\n<input type=\"hidden\" name=\"action\" value=\"us_ajax_cform\" \/>\r\n<input type=\"hidden\" name=\"post_id\" value=\"0\" \/>\r\n<input type=\"hidden\" name=\"form_index\" value=\"1\" \/>\r\n<div class=\"w-form-row for_submit align_none\">\r\n\t<button class=\"w-btn  us-btn-style_1\" aria-label=\"Trimite!\" type=\"submit\">\r\n\t\t<span class=\"g-preloader type_1\"><\/span>\r\n\t\t\t\t<span class=\"w-btn-label\">Trimite!<\/span>\r\n\t\t\t<\/button>\r\n\t<\/div>\r\n<\/div><div class=\"w-form-message\"><\/div><div class=\"w-form-json hidden\" onclick='return {&quot;ajaxurl&quot;:&quot;https:\\\/\\\/romtoureurope.com\\\/wp-admin\\\/admin-ajax.php&quot;,&quot;messages&quot;:{&quot;err_empty&quot;:&quot;Fill out this field&quot;,&quot;err_size&quot;:&quot;File size cannot exceed %s MB&quot;,&quot;err_extension&quot;:&quot;%s file type is not allowed&quot;,&quot;err_recaptcha_keys&quot;:&quot;reCAPTCHA keys are incorrect&quot;}}'><\/div><\/form><\/div><\/div><\/div><\/div><\/div><\/div><\/div><\/section><section class=\"l-section wpb_row us_custom_c70c97eb height_small\"><div class=\"l-section-h i-cf\"><div class=\"g-cols vc_row via_grid cols_1 laptops-cols_inherit tablets-cols_inherit mobiles-cols_1 valign_middle type_default stacking_default\" style=\"--columns-gap:2rem;\"><div class=\"wpb_column vc_column_container us_custom_31963582\"><div class=\"vc_column-inner\"><div class=\"wpb_text_column\"><div class=\"wpb_wrapper\"><h2 style=\"text-align: center;\">Unde ne pute\u021bi g\u0103si?<\/h2>\n<\/div><\/div><div class=\"w-separator size_small\"><\/div>[vc_raw_js]JTNDaWZyYW1lJTIwc3JjJTNEJTIyaHR0cHMlM0ElMkYlMkZ3d3cuZ29vZ2xlLmNvbSUyRm1hcHMlMkZlbWJlZCUzRnBiJTNEJTIxMW0xNCUyMTFtOCUyMTFtMyUyMTFkMTExOTcuOTg2NDI1MDk5MTk0JTIxMmQyOC4wMjU1MjIlMjEzZDQ1LjQzOTY0OCUyMTNtMiUyMTFpMTAyNCUyMTJpNzY4JTIxNGYxMy4xJTIxM20zJTIxMW0yJTIxMXMweDQwYjZkZThhOGI1Y2FiMjUlMjUzQTB4ZmFhOTJkYmVmYTVkNDU5MyUyMTJzU3RyYWRhJTI1MjBBbmdoZWwlMjUyMFNhbGlnbnklMjUyMDEzMCUyNTJDJTI1MjBHYWxhJTI1QzglMjU5QmklMjUyMDgwMDIzOSUyNTJDJTI1MjBSb21hbmlhJTIxNWUwJTIxM20yJTIxMXNlbiUyMTJzdXMlMjE0djE3NTkzMTk2NzgzOTUlMjE1bTIlMjExc2VuJTIxMnN1cyUyMiUyMHdpZHRoJTNEJTIyMTAwMCUyMiUyMGhlaWdodCUzRCUyMjQwMCUyMiUyMHN0eWxlJTNEJTIyYm9yZGVyJTNBMCUzQiUyMiUyMGFsbG93ZnVsbHNjcmVlbiUzRCUyMiUyMiUyMGxvYWRpbmclM0QlMjJsYXp5JTIyJTIwcmVmZXJyZXJwb2xpY3klM0QlMjJuby1yZWZlcnJlci13aGVuLWRvd25ncmFkZSUyMiUzRSUzQyUyRmlmcmFtZSUzRQ==[\/vc_raw_js]<div class=\"w-separator size_medium\"><\/div><div class=\"wpb_text_column\"><div class=\"wpb_wrapper\"><p>Suntem aproape de fiecare client \u0219i ne dorim ca experien\u021ba colabor\u0103rii s\u0103 fie clar\u0103 \u0219i eficient\u0103. Ne pute\u021bi g\u0103si la Strada Anghel Saligny 130, Gala\u021bi 800239, Rom\u00e2nia.<\/p>\n<p>Cum ajunge\u021bi la noi:<\/p>\n<p>&#8211; Rapid: 6 minute (2,6 km) via Strada Tecuci.<br \/>\n&#8211; Alternativ: 28 minute (2,0 km) via Bulevardul Siderurgi\u0219tilor \u2192 Strada Combinatului \u2192 DJ251.<\/p>\n<p>V\u0103 a\u0219tept\u0103m cu solu\u021bii eficiente \u0219i servicii de \u00eencredere!<\/p>\n<\/div><\/div><\/div><\/div><\/div><\/div><\/section>\n","protected":false},"excerpt":{"rendered":"Contact\u00a0Rom&acirc;niaRO: +40753675275D: +40747792759Suntem o companie \u00eenfiin\u021bat\u0103 \u00een 2020, TRANSPORT PERSOANE GERMANIA si COLETE ROMANIA &#8211; GERMANIA, si in zonele limitrofe la domiciliul clientului. infoInforma\u021bii suplimentarePentru orice informa\u021bii suplimentare, nu ezita\u021bi s\u0103 ne contacta\u021bi. Echipa noastr\u0103 este mereu disponibil\u0103 pentru a v\u0103 oferi detalii clare \u0219i sprijin \u00een luarea celor mai bune decizii. Ne dorim s\u0103...","protected":false},"author":1,"featured_media":0,"parent":0,"menu_order":0,"comment_status":"closed","ping_status":"closed","template":"","meta":{"_joinchat":[],"footnotes":""},"class_list":["post-24","page","type-page","status-publish","hentry"],"_links":{"self":[{"href":"https:\/\/romtoureurope.com\/index.php?rest_route=\/wp\/v2\/pages\/24","targetHints":{"allow":["GET"]}}],"collection":[{"href":"https:\/\/romtoureurope.com\/index.php?rest_route=\/wp\/v2\/pages"}],"about":[{"href":"https:\/\/romtoureurope.com\/index.php?rest_route=\/wp\/v2\/types\/page"}],"author":[{"embeddable":true,"href":"https:\/\/romtoureurope.com\/index.php?rest_route=\/wp\/v2\/users\/1"}],"replies":[{"embeddable":true,"href":"https:\/\/romtoureurope.com\/index.php?rest_route=%2Fwp%2Fv2%2Fcomments&post=24"}],"version-history":[{"count":35,"href":"https:\/\/romtoureurope.com\/index.php?rest_route=\/wp\/v2\/pages\/24\/revisions"}],"predecessor-version":[{"id":295,"href":"https:\/\/romtoureurope.com\/index.php?rest_route=\/wp\/v2\/pages\/24\/revisions\/295"}],"wp:attachment":[{"href":"https:\/\/romtoureurope.com\/index.php?rest_route=%2Fwp%2Fv2%2Fmedia&parent=24"}],"curies":[{"name":"wp","href":"https:\/\/api.w.org\/{rel}","templated":true}]}}